{"id":5,"date":"2023-03-28T02:24:37","date_gmt":"2023-03-28T02:24:37","guid":{"rendered":"http:\/\/pundyk.com.ar\/?page_id=5"},"modified":"2026-04-04T05:39:27","modified_gmt":"2026-04-04T05:39:27","slug":"bio","status":"publish","type":"page","link":"https:\/\/pundyk.com.ar\/?page_id=5","title":{"rendered":"Bio"},"content":{"rendered":"\n<div class=\"wp-block-columns is-layout-flex wp-container-core-columns-is-layout-28f84493 wp-block-columns-is-layout-flex\">\n<div class=\"wp-block-column is-layout-flow wp-block-column-is-layout-flow\" style=\"flex-basis:33.33%\">\n<figure class=\"wp-block-image size-large\"><img loading=\"lazy\" decoding=\"async\" width=\"683\" height=\"1024\" src=\"http:\/\/pundyk.com.ar\/wp-content\/uploads\/2026\/04\/Imagen-Ale-Lejos-683x1024.png\" alt=\"\" class=\"wp-image-157\" srcset=\"https:\/\/pundyk.com.ar\/wp-content\/uploads\/2026\/04\/Imagen-Ale-Lejos-683x1024.png 683w, https:\/\/pundyk.com.ar\/wp-content\/uploads\/2026\/04\/Imagen-Ale-Lejos-200x300.png 200w, https:\/\/pundyk.com.ar\/wp-content\/uploads\/2026\/04\/Imagen-Ale-Lejos-768x1152.png 768w, https:\/\/pundyk.com.ar\/wp-content\/uploads\/2026\/04\/Imagen-Ale-Lejos.png 1024w\" sizes=\"auto, (max-width: 683px) 100vw, 683px\" \/><\/figure>\n<\/div>\n\n\n\n<div class=\"wp-block-column is-layout-flow wp-block-column-is-layout-flow\" style=\"flex-basis:66.66%\">\n<p>Soy profesional en administraci\u00f3n con una trayectoria construida en la intersecci\u00f3n entre negocio, tecnolog\u00eda y operaci\u00f3n. A lo largo de mi carrera, fui evolucionando desde roles anal\u00edticos y de inteligencia de negocio hacia la gesti\u00f3n de proyectos tecnol\u00f3gicos, trabajando siempre con un enfoque claro: transformar necesidades complejas en soluciones concretas y ejecutables.<\/p>\n\n\n\n<p>He liderado proyectos en entornos exigentes y distribuidos, coordinando equipos multidisciplinarios y actuando como puente entre \u00e1reas de negocio y desarrollo. Mi experiencia en an\u00e1lisis funcional me permite estructurar requerimientos de manera clara, reducir ambig\u00fcedad y mejorar la calidad del delivery. Trabajo habitualmente bajo metodolog\u00edas \u00e1giles (Scrum y Kanban), utilizando herramientas como Jira para planificar, dar seguimiento y asegurar resultados.<\/p>\n\n\n\n<p>M\u00e1s all\u00e1 de la ejecuci\u00f3n, me interesa especialmente el v\u00ednculo entre tecnolog\u00eda y operaci\u00f3n real. Tengo un foco particular en soluciones aplicadas a entornos log\u00edsticos y sistemas de gesti\u00f3n operativa, donde la eficiencia, la trazabilidad y la integraci\u00f3n son factores cr\u00edticos. En esta l\u00ednea, estoy explorando oportunidades vinculadas a la representaci\u00f3n e implementaci\u00f3n de soluciones tecnol\u00f3gicas en Latinoam\u00e9rica, especialmente en el \u00e1mbito de terminales, log\u00edstica y sistemas operativos complejos.<\/p>\n\n\n\n<blockquote class=\"wp-block-quote is-layout-flow wp-block-quote-is-layout-flow\">\n<p><strong>En paralelo, desarrollo proyectos culturales y de an\u00e1lisis vinculados a Ucrania, con un enfoque en historia, narrativa y contexto contempor\u00e1neo. A trav\u00e9s de publicaciones y contenidos, busco aportar claridad y profundidad a temas que muchas veces son abordados de forma superficial o distorsionada.<\/strong><\/p>\n<\/blockquote>\n\n\n\n<p>Trabajo con un enfoque estructurado, orientado a resultados y con fuerte \u00e9nfasis en la claridad. Creo en soluciones simples, bien pensadas y escalables, que puedan sostenerse en el tiempo y generar valor real.<\/p>\n\n\n\n<p style=\"opacity: 0;\" superb-addons-animation=\"fadeIn\">Este espacio busca integrar esas dimensiones: la profesional, la tecnol\u00f3gica y la cultural.<\/p>\n<\/div>\n<\/div>\n\n\n\n<p><\/p>\n","protected":false},"excerpt":{"rendered":"<p>Soy profesional en administraci\u00f3n con una trayectoria construida en la intersecci\u00f3n entre negocio, tecnolog\u00eda y operaci\u00f3n. A lo largo de mi carrera, fui evolucionando desde roles anal\u00edticos y de inteligencia de negocio hacia la gesti\u00f3n de proyectos tecnol\u00f3gicos, trabajando siempre con un enfoque claro: transformar necesidades complejas en soluciones concretas y ejecutables. He liderado proyectos [&hellip;]<\/p>\n","protected":false},"author":1,"featured_media":0,"parent":0,"menu_order":0,"comment_status":"closed","ping_status":"closed","template":"","meta":{"footnotes":""},"class_list":["post-5","page","type-page","status-publish","hentry"],"blocksy_meta":[],"_links":{"self":[{"href":"https:\/\/pundyk.com.ar\/index.php?rest_route=\/wp\/v2\/pages\/5","targetHints":{"allow":["GET"]}}],"collection":[{"href":"https:\/\/pundyk.com.ar\/index.php?rest_route=\/wp\/v2\/pages"}],"about":[{"href":"https:\/\/pundyk.com.ar\/index.php?rest_route=\/wp\/v2\/types\/page"}],"author":[{"embeddable":true,"href":"https:\/\/pundyk.com.ar\/index.php?rest_route=\/wp\/v2\/users\/1"}],"replies":[{"embeddable":true,"href":"https:\/\/pundyk.com.ar\/index.php?rest_route=%2Fwp%2Fv2%2Fcomments&post=5"}],"version-history":[{"count":5,"href":"https:\/\/pundyk.com.ar\/index.php?rest_route=\/wp\/v2\/pages\/5\/revisions"}],"predecessor-version":[{"id":166,"href":"https:\/\/pundyk.com.ar\/index.php?rest_route=\/wp\/v2\/pages\/5\/revisions\/166"}],"wp:attachment":[{"href":"https:\/\/pundyk.com.ar\/index.php?rest_route=%2Fwp%2Fv2%2Fmedia&parent=5"}],"curies":[{"name":"wp","href":"https:\/\/api.w.org\/{rel}","templated":true}]}}