{"id":241,"date":"2026-04-06T02:44:14","date_gmt":"2026-04-06T02:44:14","guid":{"rendered":"https:\/\/pundyk.com.ar\/?page_id=241"},"modified":"2026-04-06T02:54:19","modified_gmt":"2026-04-06T02:54:19","slug":"sample-page-3","status":"publish","type":"page","link":"https:\/\/pundyk.com.ar\/?page_id=241","title":{"rendered":"Tecnolog\u00eda &amp; Proyectos"},"content":{"rendered":"\n<h1 class=\"wp-block-heading\">Tecnolog\u00eda &amp; Proyectos<\/h1>\n\n\n\n<p class=\"has-cyan-bluish-gray-color has-text-color has-link-color has-large-font-size wp-elements-2cf8123e07bfa42e897cefbc81a0cd8e\">Recortes propios y de terceros para analizar estrategia, operaciones y desarrollo de soluciones en entornos complejos.<\/p>\n\n\n\n<blockquote class=\"wp-block-quote is-layout-flow wp-container-core-quote-is-layout-8a368f38 wp-block-quote-is-layout-flow\">\n<p class=\"has-medium-font-size\">Este espacio re\u00fane an\u00e1lisis, casos y reflexiones sobre implementaci\u00f3n de tecnolog\u00eda, desarrollo de negocio y dise\u00f1o de modelos operativos. <\/p>\n\n\n\n<p class=\"has-medium-font-size\">Se abordan sistemas como TOS, log\u00edstica vehicular e integraciones, con foco en soluciones eficientes, escalables y aplicables en contextos reales.<\/p>\n\n\n\n<p><\/p>\n<\/blockquote>\n\n\n\n<hr class=\"wp-block-separator has-alpha-channel-opacity\"\/>\n\n\n\n<div class=\"wp-block-query is-layout-flow wp-block-query-is-layout-flow\">\n<div class=\"wp-block-group is-content-justification-center is-nowrap is-layout-flex wp-container-core-group-is-layout-23441af8 wp-block-group-is-layout-flex\"><\/div>\n\n\n<\/div>\n\n\n\n<p><\/p>\n","protected":false},"excerpt":{"rendered":"<p>Tecnolog\u00eda &amp; Proyectos Recortes propios y de terceros para analizar estrategia, operaciones y desarrollo de soluciones en entornos complejos. Este espacio re\u00fane an\u00e1lisis, casos y reflexiones sobre implementaci\u00f3n de tecnolog\u00eda, desarrollo de negocio y dise\u00f1o de modelos operativos. Se abordan sistemas como TOS, log\u00edstica vehicular e integraciones, con foco en soluciones eficientes, escalables y aplicables [&hellip;]<\/p>\n","protected":false},"author":1,"featured_media":0,"parent":0,"menu_order":0,"comment_status":"closed","ping_status":"closed","template":"","meta":{"footnotes":""},"class_list":["post-241","page","type-page","status-publish","hentry"],"blocksy_meta":[],"_links":{"self":[{"href":"https:\/\/pundyk.com.ar\/index.php?rest_route=\/wp\/v2\/pages\/241","targetHints":{"allow":["GET"]}}],"collection":[{"href":"https:\/\/pundyk.com.ar\/index.php?rest_route=\/wp\/v2\/pages"}],"about":[{"href":"https:\/\/pundyk.com.ar\/index.php?rest_route=\/wp\/v2\/types\/page"}],"author":[{"embeddable":true,"href":"https:\/\/pundyk.com.ar\/index.php?rest_route=\/wp\/v2\/users\/1"}],"replies":[{"embeddable":true,"href":"https:\/\/pundyk.com.ar\/index.php?rest_route=%2Fwp%2Fv2%2Fcomments&post=241"}],"version-history":[{"count":2,"href":"https:\/\/pundyk.com.ar\/index.php?rest_route=\/wp\/v2\/pages\/241\/revisions"}],"predecessor-version":[{"id":248,"href":"https:\/\/pundyk.com.ar\/index.php?rest_route=\/wp\/v2\/pages\/241\/revisions\/248"}],"wp:attachment":[{"href":"https:\/\/pundyk.com.ar\/index.php?rest_route=%2Fwp%2Fv2%2Fmedia&parent=241"}],"curies":[{"name":"wp","href":"https:\/\/api.w.org\/{rel}","templated":true}]}}