{"id":230,"date":"2026-04-06T02:20:22","date_gmt":"2026-04-06T02:20:22","guid":{"rendered":"https:\/\/pundyk.com.ar\/?page_id=230"},"modified":"2026-04-06T02:48:16","modified_gmt":"2026-04-06T02:48:16","slug":"sample-page-2","status":"publish","type":"page","link":"https:\/\/pundyk.com.ar\/?page_id=230","title":{"rendered":"Libros y traducciones"},"content":{"rendered":"\n<h1 class=\"wp-block-heading\">Libros y traducciones<\/h1>\n\n\n\n<p class=\"has-cyan-bluish-gray-color has-text-color has-link-color has-large-font-size wp-elements-7a1fee44c67f07e8a4de5990c5f94e48\">Una biblioteca curada sobre Ucrania, Europa del Este y la academia.<\/p>\n\n\n\n<blockquote class=\"wp-block-quote is-layout-flow wp-container-core-quote-is-layout-8a368f38 wp-block-quote-is-layout-flow\">\n<p class=\"has-medium-font-size\">Una colecci\u00f3n de libros seleccionados por su valor para comprender Ucrania en sus m\u00faltiples dimensiones.<\/p>\n\n\n\n<p class=\"has-medium-font-size\">Incluye traducciones propias y obras de referencia, organizadas bajo criterios de relevancia, rigor y capacidad de aportar una lectura m\u00e1s profunda frente a narrativas fragmentadas o superficiales. <\/p>\n\n\n\n<p class=\"has-medium-font-size\">Podr\u00e9 sumar tambi\u00e9n alguna recomendaci\u00f3n de literatura de europa del este o material acorde al conocimiento acad\u00e9mico.<\/p>\n<\/blockquote>\n\n\n\n<div class=\"wp-block-query is-layout-flow wp-block-query-is-layout-flow\">\n<div class=\"wp-block-group is-layout-constrained wp-block-group-is-layout-constrained\"><ul class=\"wp-block-post-template is-layout-grid wp-container-core-post-template-is-layout-cb37f6eb wp-block-post-template-is-layout-grid\"><li class=\"wp-block-post post-227 post type-post status-publish format-standard has-post-thumbnail hentry category-libros tag-analisis tag-cultura tag-geopolitica tag-opinion tag-sociedad\">\n\n<div class=\"wp-block-group is-layout-constrained wp-container-core-group-is-layout-83d2d559 wp-block-group-is-layout-constrained\" style=\"padding-top:15px;padding-right:15px;padding-bottom:15px;padding-left:15px\"><figure class=\"wp-block-post-featured-image\"><img loading=\"lazy\" decoding=\"async\" width=\"643\" height=\"869\" src=\"https:\/\/pundyk.com.ar\/wp-content\/uploads\/2026\/04\/TapaEcosDeGuerra.png\" class=\"attachment-post-thumbnail size-post-thumbnail wp-post-image\" alt=\"\" style=\"object-fit:cover;\" srcset=\"https:\/\/pundyk.com.ar\/wp-content\/uploads\/2026\/04\/TapaEcosDeGuerra.png 643w, https:\/\/pundyk.com.ar\/wp-content\/uploads\/2026\/04\/TapaEcosDeGuerra-222x300.png 222w\" sizes=\"auto, (max-width: 643px) 100vw, 643px\" \/><\/figure>\n\n<h2 class=\"wp-block-post-title has-medium-font-size\"><a href=\"https:\/\/pundyk.com.ar\/?p=227\" target=\"_self\" >Ecos de Guerra<\/a><\/h2>\n\n<div class=\"wp-block-post-excerpt has-small-font-size\"><p class=\"wp-block-post-excerpt__excerpt\">Perspectivas Acad\u00e9micas sobre la Invasi\u00f3n Rusa a Ucrania <\/p><\/div>\n\n<div class=\"wp-block-post-date\"><time datetime=\"2026-04-06T02:07:10+00:00\">April 6, 2026<\/time><\/div><\/div>\n\n<\/li><li class=\"wp-block-post post-224 post type-post status-publish format-standard has-post-thumbnail hentry category-libros tag-analisis tag-cultura tag-geopolitica tag-opinion tag-sociedad\">\n\n<div class=\"wp-block-group is-layout-constrained wp-container-core-group-is-layout-83d2d559 wp-block-group-is-layout-constrained\" style=\"padding-top:15px;padding-right:15px;padding-bottom:15px;padding-left:15px\"><figure class=\"wp-block-post-featured-image\"><img loading=\"lazy\" decoding=\"async\" width=\"345\" height=\"487\" src=\"https:\/\/pundyk.com.ar\/wp-content\/uploads\/2026\/04\/tapa-RetornoDeUcrania.jpg\" class=\"attachment-post-thumbnail size-post-thumbnail wp-post-image\" alt=\"\" style=\"object-fit:cover;\" srcset=\"https:\/\/pundyk.com.ar\/wp-content\/uploads\/2026\/04\/tapa-RetornoDeUcrania.jpg 345w, https:\/\/pundyk.com.ar\/wp-content\/uploads\/2026\/04\/tapa-RetornoDeUcrania-213x300.jpg 213w\" sizes=\"auto, (max-width: 345px) 100vw, 345px\" \/><\/figure>\n\n<h2 class=\"wp-block-post-title has-medium-font-size\"><a href=\"https:\/\/pundyk.com.ar\/?p=224\" target=\"_self\" >El retorno de Ucrania<\/a><\/h2>\n\n<div class=\"wp-block-post-excerpt has-small-font-size\"><p class=\"wp-block-post-excerpt__excerpt\">Sobre el estado y la identidad nacional <\/p><\/div>\n\n<div class=\"wp-block-post-date\"><time datetime=\"2026-04-06T02:03:31+00:00\">April 6, 2026<\/time><\/div><\/div>\n\n<\/li><li class=\"wp-block-post post-221 post type-post status-publish format-standard has-post-thumbnail hentry category-libros tag-analisis tag-cultura tag-geopolitica tag-opinion tag-sociedad\">\n\n<div class=\"wp-block-group is-layout-constrained wp-container-core-group-is-layout-83d2d559 wp-block-group-is-layout-constrained\" style=\"padding-top:15px;padding-right:15px;padding-bottom:15px;padding-left:15px\"><figure class=\"wp-block-post-featured-image\"><img loading=\"lazy\" decoding=\"async\" width=\"710\" height=\"1080\" src=\"https:\/\/pundyk.com.ar\/wp-content\/uploads\/2026\/04\/ManyFaces.jpg\" class=\"attachment-post-thumbnail size-post-thumbnail wp-post-image\" alt=\"\" style=\"object-fit:cover;\" srcset=\"https:\/\/pundyk.com.ar\/wp-content\/uploads\/2026\/04\/ManyFaces.jpg 710w, https:\/\/pundyk.com.ar\/wp-content\/uploads\/2026\/04\/ManyFaces-197x300.jpg 197w, https:\/\/pundyk.com.ar\/wp-content\/uploads\/2026\/04\/ManyFaces-673x1024.jpg 673w\" sizes=\"auto, (max-width: 710px) 100vw, 710px\" \/><\/figure>\n\n<h2 class=\"wp-block-post-title has-medium-font-size\"><a href=\"https:\/\/pundyk.com.ar\/?p=221\" target=\"_self\" >Ukraine\u2019s many faces: Land, People, and Culture Revisited<\/a><\/h2>\n\n<div class=\"wp-block-post-excerpt has-small-font-size\"><p class=\"wp-block-post-excerpt__excerpt\"> <\/p><\/div>\n\n<div class=\"wp-block-post-date\"><time datetime=\"2026-04-06T02:01:06+00:00\">April 6, 2026<\/time><\/div><\/div>\n\n<\/li><\/ul><\/div>\n\n\n<nav style=\"font-style:normal;font-weight:100;line-height:2.8;\" class=\"has-link-color wp-elements-fcf8b853477afa2c676280ecbb837f20 wp-block-query-pagination has-background has-palette-color-6-background-color has-medium-font-size is-horizontal is-content-justification-center is-layout-flex wp-container-core-query-pagination-is-layout-ecd33c62 wp-block-query-pagination-is-layout-flex\" aria-label=\"Pagination\">\n\n\n<div class=\"wp-block-query-pagination-numbers\"><span aria-current=\"page\" class=\"page-numbers current\">1<\/span>\n<a class=\"page-numbers\" href=\"?query-60-page=2&#038;rest_route=%2Fwp%2Fv2%2Fpages%2F230\">2<\/a><\/div>\n\n<a href=\"\/index.php?rest_route=%2Fwp%2Fv2%2Fpages%2F230&#038;query-60-page=2\" class=\"wp-block-query-pagination-next\" aria-label=\"Next Page\"><span class='wp-block-query-pagination-next-arrow is-arrow-chevron' aria-hidden='true'>\u00bb<\/span><\/a>\n<\/nav><\/div>\n\n\n\n<p><\/p>\n","protected":false},"excerpt":{"rendered":"<p>Libros y traducciones Una biblioteca curada sobre Ucrania, Europa del Este y la academia. Una colecci\u00f3n de libros seleccionados por su valor para comprender Ucrania en sus m\u00faltiples dimensiones. Incluye traducciones propias y obras de referencia, organizadas bajo criterios de relevancia, rigor y capacidad de aportar una lectura m\u00e1s profunda frente a narrativas fragmentadas o [&hellip;]<\/p>\n","protected":false},"author":1,"featured_media":0,"parent":0,"menu_order":0,"comment_status":"closed","ping_status":"closed","template":"","meta":{"footnotes":""},"class_list":["post-230","page","type-page","status-publish","hentry"],"blocksy_meta":[],"_links":{"self":[{"href":"https:\/\/pundyk.com.ar\/index.php?rest_route=\/wp\/v2\/pages\/230","targetHints":{"allow":["GET"]}}],"collection":[{"href":"https:\/\/pundyk.com.ar\/index.php?rest_route=\/wp\/v2\/pages"}],"about":[{"href":"https:\/\/pundyk.com.ar\/index.php?rest_route=\/wp\/v2\/types\/page"}],"author":[{"embeddable":true,"href":"https:\/\/pundyk.com.ar\/index.php?rest_route=\/wp\/v2\/users\/1"}],"replies":[{"embeddable":true,"href":"https:\/\/pundyk.com.ar\/index.php?rest_route=%2Fwp%2Fv2%2Fcomments&post=230"}],"version-history":[{"count":2,"href":"https:\/\/pundyk.com.ar\/index.php?rest_route=\/wp\/v2\/pages\/230\/revisions"}],"predecessor-version":[{"id":246,"href":"https:\/\/pundyk.com.ar\/index.php?rest_route=\/wp\/v2\/pages\/230\/revisions\/246"}],"wp:attachment":[{"href":"https:\/\/pundyk.com.ar\/index.php?rest_route=%2Fwp%2Fv2%2Fmedia&parent=230"}],"curies":[{"name":"wp","href":"https:\/\/api.w.org\/{rel}","templated":true}]}}