{"id":2,"date":"2023-03-27T22:59:56","date_gmt":"2023-03-27T22:59:56","guid":{"rendered":"http:\/\/pundyk.com.ar\/?page_id=2"},"modified":"2026-04-04T22:19:16","modified_gmt":"2026-04-04T22:19:16","slug":"sample-page","status":"publish","type":"page","link":"https:\/\/pundyk.com.ar\/?page_id=2","title":{"rendered":"Mis origenes"},"content":{"rendered":"\n<h2 class=\"wp-block-heading\">Ucrania: notas, an\u00e1lisis y recortes<\/h2>\n\n\n\n<p class=\"has-cyan-bluish-gray-color has-text-color has-link-color has-large-font-size wp-elements-b294b62287869b768be32fe0d2bf7b7d\">Una selecci\u00f3n de contenidos propios y de terceros sobre historia, cultura y guerra en Ucrania, organizada desde una mirada cr\u00edtica y contextual.<\/p>\n\n\n\n<blockquote class=\"wp-block-quote is-layout-flow wp-container-core-quote-is-layout-8a368f38 wp-block-quote-is-layout-flow\">\n<p class=\"has-medium-font-size\">Este espacio re\u00fane art\u00edculos, columnas y publicaciones que abordan Ucrania desde distintas perspectivas: hist\u00f3rica, cultural, social y pol\u00edtica.<\/p>\n\n\n\n<p class=\"has-medium-font-size\">Incluye tanto contenidos propios como materiales de terceros, seleccionados por mi en funci\u00f3n de su relevancia y capacidad para aportar contexto, matices y profundidad a un escenario frecuentemente simplificado.<\/p>\n\n\n\n<p class=\"has-medium-font-size\">La curadur\u00eda prioriza el an\u00e1lisis por sobre la inmediatez, buscando construir una lectura m\u00e1s completa sobre los procesos en curso, sus antecedentes y sus implicancias.<\/p>\n<\/blockquote>\n\n\n\n<div class=\"wp-block-query is-layout-flow wp-block-query-is-layout-flow\">\n<div class=\"wp-block-group is-content-justification-center is-nowrap is-layout-flex wp-container-core-group-is-layout-23441af8 wp-block-group-is-layout-flex\"><ul class=\"wp-block-post-template is-layout-grid wp-container-core-post-template-is-layout-cb37f6eb wp-block-post-template-is-layout-grid\"><li class=\"wp-block-post post-207 post type-post status-publish format-standard has-post-thumbnail hentry category-cultura category-guerra-y-actualidad category-historia category-opinion-analisis-propio category-ucrania-analisis tag-analisis tag-articulo-propio tag-cultura tag-opinion tag-sociedad\">\n\n<div class=\"wp-block-group is-layout-flow wp-block-group-is-layout-flow\" style=\"padding-top:15px;padding-right:15px;padding-bottom:15px;padding-left:15px\"><figure class=\"wp-block-post-featured-image\"><img loading=\"lazy\" decoding=\"async\" width=\"750\" height=\"400\" src=\"https:\/\/pundyk.com.ar\/wp-content\/uploads\/2026\/04\/mas-alla-guerra-pascua-mantiene-viva-ucrania-750x400-1.jpg\" class=\"attachment-post-thumbnail size-post-thumbnail wp-post-image\" alt=\"\" style=\"object-fit:cover;\" srcset=\"https:\/\/pundyk.com.ar\/wp-content\/uploads\/2026\/04\/mas-alla-guerra-pascua-mantiene-viva-ucrania-750x400-1.jpg 750w, https:\/\/pundyk.com.ar\/wp-content\/uploads\/2026\/04\/mas-alla-guerra-pascua-mantiene-viva-ucrania-750x400-1-300x160.jpg 300w\" sizes=\"auto, (max-width: 750px) 100vw, 750px\" \/><\/figure>\n\n<h2 class=\"wp-block-post-title has-medium-font-size\"><a href=\"https:\/\/pundyk.com.ar\/?p=207\" target=\"_self\" >La Pascua como identidad en tiempos de guerra<\/a><\/h2>\n\n<div class=\"wp-block-post-excerpt has-small-font-size\"><p class=\"wp-block-post-excerpt__excerpt\">La Pascua en Ucrania no es solo una celebraci\u00f3n religiosa: es una forma de sostener identidad, memoria y comunidad en medio del conflicto. En medio de una guerra que atraviesa todos los aspectos de la vida cotidiana, la Pascua sigue ocupando un lugar central en Ucrania. Lejos de interrumpirse, la celebraci\u00f3n se adapta: se traslada&hellip; <\/p><\/div>\n\n<div class=\"wp-block-post-date\"><time datetime=\"2026-04-05T21:13:04+00:00\">April 5, 2026<\/time><\/div><\/div>\n\n<\/li><li class=\"wp-block-post post-108 post type-post status-publish format-standard has-post-thumbnail hentry category-guerra-y-actualidad category-opinion-analisis-propio category-ucrania-analisis tag-articulo-propio tag-crisis-humanitaria tag-guerra tag-linkedin tag-opinion\">\n\n<div class=\"wp-block-group is-layout-flow wp-block-group-is-layout-flow\" style=\"padding-top:15px;padding-right:15px;padding-bottom:15px;padding-left:15px\"><figure class=\"wp-block-post-featured-image\"><img loading=\"lazy\" decoding=\"async\" width=\"300\" height=\"200\" src=\"https:\/\/pundyk.com.ar\/wp-content\/uploads\/2026\/04\/ChatGPT-Image-31-mar-2026-12_09_24-a.m-300x200.png\" class=\"attachment-post-thumbnail size-post-thumbnail wp-post-image\" alt=\"\" style=\"object-fit:cover;\" srcset=\"https:\/\/pundyk.com.ar\/wp-content\/uploads\/2026\/04\/ChatGPT-Image-31-mar-2026-12_09_24-a.m-300x200.png 300w, https:\/\/pundyk.com.ar\/wp-content\/uploads\/2026\/04\/ChatGPT-Image-31-mar-2026-12_09_24-a.m-1024x683.png 1024w, https:\/\/pundyk.com.ar\/wp-content\/uploads\/2026\/04\/ChatGPT-Image-31-mar-2026-12_09_24-a.m-768x512.png 768w, https:\/\/pundyk.com.ar\/wp-content\/uploads\/2026\/04\/ChatGPT-Image-31-mar-2026-12_09_24-a.m-850x567.png 850w, https:\/\/pundyk.com.ar\/wp-content\/uploads\/2026\/04\/ChatGPT-Image-31-mar-2026-12_09_24-a.m.png 1536w\" sizes=\"auto, (max-width: 300px) 100vw, 300px\" \/><\/figure>\n\n<h2 class=\"wp-block-post-title has-medium-font-size\"><a href=\"https:\/\/pundyk.com.ar\/?p=108\" target=\"_self\" >Hambre bajo ocupaci\u00f3n<\/a><\/h2>\n\n<div class=\"wp-block-post-excerpt has-small-font-size\"><p class=\"wp-block-post-excerpt__excerpt\">C\u00f3mo el acceso a alimentos se transforma en una herramienta de control en territorios ocupados. En territorios ocupados, la guerra se expresa en la interrupci\u00f3n de lo cotidiano. Este art\u00edculo analiza c\u00f3mo el acceso a alimentos deja de ser una cuesti\u00f3n log\u00edstica para convertirse en un instrumento de control, evidenciando una dimensi\u00f3n menos visible pero&hellip; <\/p><\/div>\n\n<div class=\"wp-block-post-date\"><time datetime=\"2026-04-04T03:23:48+00:00\">April 4, 2026<\/time><\/div><\/div>\n\n<\/li><li class=\"wp-block-post post-105 post type-post status-publish format-standard has-post-thumbnail hentry category-narrativa-y-propaganda category-ucrania-analisis tag-analisis tag-geopolitica tag-historia tag-propaganda\">\n\n<div class=\"wp-block-group is-layout-flow wp-block-group-is-layout-flow\" style=\"padding-top:15px;padding-right:15px;padding-bottom:15px;padding-left:15px\"><figure class=\"wp-block-post-featured-image\"><img loading=\"lazy\" decoding=\"async\" width=\"300\" height=\"160\" src=\"https:\/\/pundyk.com.ar\/wp-content\/uploads\/2026\/04\/el-mito-del-mundo-ruso-y-la-narrativa-que-justifica-la-expansion-750x4001-1-300x160.png\" class=\"attachment-post-thumbnail size-post-thumbnail wp-post-image\" alt=\"\" style=\"object-fit:cover;\" srcset=\"https:\/\/pundyk.com.ar\/wp-content\/uploads\/2026\/04\/el-mito-del-mundo-ruso-y-la-narrativa-que-justifica-la-expansion-750x4001-1-300x160.png 300w, https:\/\/pundyk.com.ar\/wp-content\/uploads\/2026\/04\/el-mito-del-mundo-ruso-y-la-narrativa-que-justifica-la-expansion-750x4001-1.png 750w\" sizes=\"auto, (max-width: 300px) 100vw, 300px\" \/><\/figure>\n\n<h2 class=\"wp-block-post-title has-medium-font-size\"><a href=\"https:\/\/pundyk.com.ar\/?p=105\" target=\"_self\" >El mito del \u201cmundo ruso\u201d<\/a><\/h2>\n\n<div class=\"wp-block-post-excerpt has-small-font-size\"><p class=\"wp-block-post-excerpt__excerpt\">Un an\u00e1lisis del concepto de Russkiy Mir como herramienta ideol\u00f3gica de expansi\u00f3n. El \u201cmundo ruso\u201d se presenta como una comunidad cultural, pero su uso pol\u00edtico excede lo simb\u00f3lico. Este art\u00edculo examina c\u00f3mo esta idea funciona como marco conceptual para justificar injerencias y \u0935\u093f\u0938\u094d\u0924\u093e\u0930 de influencia, combinando elementos hist\u00f3ricos, culturales y estrat\u00e9gicos. Art\u00edculo de Alejandro Pundyk&hellip; <\/p><\/div>\n\n<div class=\"wp-block-post-date\"><time datetime=\"2026-03-24T03:18:47+00:00\">March 24, 2026<\/time><\/div><\/div>\n\n<\/li><li class=\"wp-block-post post-111 post type-post status-publish format-standard has-post-thumbnail hentry category-guerra-y-actualidad category-opinion-analisis-propio category-ucrania-analisis tag-articulo-propio tag-crisis-humanitaria tag-guerra tag-linkedin tag-opinion\">\n\n<div class=\"wp-block-group is-layout-flow wp-block-group-is-layout-flow\" style=\"padding-top:15px;padding-right:15px;padding-bottom:15px;padding-left:15px\"><figure class=\"wp-block-post-featured-image\"><img loading=\"lazy\" decoding=\"async\" width=\"300\" height=\"169\" src=\"https:\/\/pundyk.com.ar\/wp-content\/uploads\/2026\/04\/1774189801789-300x169.png\" class=\"attachment-post-thumbnail size-post-thumbnail wp-post-image\" alt=\"\" style=\"object-fit:cover;\" srcset=\"https:\/\/pundyk.com.ar\/wp-content\/uploads\/2026\/04\/1774189801789-300x169.png 300w, https:\/\/pundyk.com.ar\/wp-content\/uploads\/2026\/04\/1774189801789-1024x576.png 1024w, https:\/\/pundyk.com.ar\/wp-content\/uploads\/2026\/04\/1774189801789-768x432.png 768w, https:\/\/pundyk.com.ar\/wp-content\/uploads\/2026\/04\/1774189801789-850x478.png 850w, https:\/\/pundyk.com.ar\/wp-content\/uploads\/2026\/04\/1774189801789.png 1280w\" sizes=\"auto, (max-width: 300px) 100vw, 300px\" \/><\/figure>\n\n<h2 class=\"wp-block-post-title has-medium-font-size\"><a href=\"https:\/\/pundyk.com.ar\/?p=111\" target=\"_self\" >La guerra como sistema: imperialismo interno y la ficci\u00f3n federal en Rusia<\/a><\/h2>\n\n<div class=\"wp-block-post-excerpt has-small-font-size\"><p class=\"wp-block-post-excerpt__excerpt\">Un an\u00e1lisis de la guerra como sistema estructural, donde el imperialismo opera tambi\u00e9n hacia adentro mediante narrativas y mecanismos de control. M\u00e1s all\u00e1 del enfrentamiento militar, la guerra puede entenderse como un sistema que organiza poder, recursos y legitimidad. Este art\u00edculo explora c\u00f3mo el imperialismo no solo se proyecta hacia el exterior, sino que tambi\u00e9n&hellip; <\/p><\/div>\n\n<div class=\"wp-block-post-date\"><time datetime=\"2026-03-22T03:31:55+00:00\">March 22, 2026<\/time><\/div><\/div>\n\n<\/li><li class=\"wp-block-post post-102 post type-post status-publish format-standard has-post-thumbnail hentry category-cultura category-opinion-analisis-propio category-ucrania-analisis tag-analisis tag-cultura tag-genero tag-sociedad\">\n\n<div class=\"wp-block-group is-layout-flow wp-block-group-is-layout-flow\" style=\"padding-top:15px;padding-right:15px;padding-bottom:15px;padding-left:15px\"><figure class=\"wp-block-post-featured-image\"><img loading=\"lazy\" decoding=\"async\" width=\"300\" height=\"160\" src=\"https:\/\/pundyk.com.ar\/wp-content\/uploads\/2026\/04\/feminismo-ucraniano-batallon-invisible-esencial-supervivencia-nacional-750x4001-1-300x160.png\" class=\"attachment-post-thumbnail size-post-thumbnail wp-post-image\" alt=\"\" style=\"object-fit:cover;\" srcset=\"https:\/\/pundyk.com.ar\/wp-content\/uploads\/2026\/04\/feminismo-ucraniano-batallon-invisible-esencial-supervivencia-nacional-750x4001-1-300x160.png 300w, https:\/\/pundyk.com.ar\/wp-content\/uploads\/2026\/04\/feminismo-ucraniano-batallon-invisible-esencial-supervivencia-nacional-750x4001-1.png 750w\" sizes=\"auto, (max-width: 300px) 100vw, 300px\" \/><\/figure>\n\n<h2 class=\"wp-block-post-title has-medium-font-size\"><a href=\"https:\/\/pundyk.com.ar\/?p=102\" target=\"_self\" >Feminismo ucraniano: el &#8220;batall\u00f3n invisible&#8221; y esencial de la supervivencia nacional<\/a><\/h2>\n\n<div class=\"wp-block-post-excerpt has-small-font-size\"><p class=\"wp-block-post-excerpt__excerpt\">El rol clave de las mujeres en la resiliencia social ucraniana durante la guerra. M\u00e1s all\u00e1 del frente de batalla, la sostenibilidad de una sociedad en guerra depende de m\u00faltiples actores invisibilizados. Este art\u00edculo explora el rol del feminismo ucraniano y de las mujeres en la organizaci\u00f3n social, la asistencia y la continuidad de la&hellip; <\/p><\/div>\n\n<div class=\"wp-block-post-date\"><time datetime=\"2026-03-20T03:14:49+00:00\">March 20, 2026<\/time><\/div><\/div>\n\n<\/li><li class=\"wp-block-post post-99 post type-post status-publish format-standard has-post-thumbnail hentry category-guerra-y-actualidad category-narrativa-y-propaganda category-opinion-analisis-propio category-ucrania-analisis tag-analisis tag-geopolitica tag-opinion tag-propaganda\">\n\n<div class=\"wp-block-group is-layout-flow wp-block-group-is-layout-flow\" style=\"padding-top:15px;padding-right:15px;padding-bottom:15px;padding-left:15px\"><figure class=\"wp-block-post-featured-image\"><img loading=\"lazy\" decoding=\"async\" width=\"300\" height=\"160\" src=\"https:\/\/pundyk.com.ar\/wp-content\/uploads\/2026\/04\/rusofobia-la-etiqueta-kremplin-intenta-convertir-agresion-victimizacion-750x4001-1-300x160.png\" class=\"attachment-post-thumbnail size-post-thumbnail wp-post-image\" alt=\"\" style=\"object-fit:cover;\" srcset=\"https:\/\/pundyk.com.ar\/wp-content\/uploads\/2026\/04\/rusofobia-la-etiqueta-kremplin-intenta-convertir-agresion-victimizacion-750x4001-1-300x160.png 300w, https:\/\/pundyk.com.ar\/wp-content\/uploads\/2026\/04\/rusofobia-la-etiqueta-kremplin-intenta-convertir-agresion-victimizacion-750x4001-1.png 750w\" sizes=\"auto, (max-width: 300px) 100vw, 300px\" \/><\/figure>\n\n<h2 class=\"wp-block-post-title has-medium-font-size\"><a href=\"https:\/\/pundyk.com.ar\/?p=99\" target=\"_self\" >La \u201crusofobia\u201d como herramienta de victimizaci\u00f3n<\/a><\/h2>\n\n<div class=\"wp-block-post-excerpt has-small-font-size\"><p class=\"wp-block-post-excerpt__excerpt\">C\u00f3mo el concepto de \u201crusofobia\u201d es utilizado para transformar cr\u00edticas en relatos de persecuci\u00f3n. El t\u00e9rmino \u201crusofobia\u201d ha sido resignificado en el discurso pol\u00edtico para operar como mecanismo de defensa narrativa. Este art\u00edculo analiza c\u00f3mo se utiliza para deslegitimar cr\u00edticas y reconstruir un relato de victimizaci\u00f3n, convirtiendo acciones cuestionadas en supuestas agresiones externas. Art\u00edculo de&hellip; <\/p><\/div>\n\n<div class=\"wp-block-post-date\"><time datetime=\"2026-03-19T03:09:00+00:00\">March 19, 2026<\/time><\/div><\/div>\n\n<\/li><\/ul><\/div>\n\n\n<nav style=\"font-style:normal;font-weight:100;line-height:2.8;\" class=\"has-link-color wp-elements-fcf8b853477afa2c676280ecbb837f20 wp-block-query-pagination has-background has-palette-color-6-background-color has-medium-font-size is-horizontal is-content-justification-center is-layout-flex wp-container-core-query-pagination-is-layout-ecd33c62 wp-block-query-pagination-is-layout-flex\" aria-label=\"Pagination\">\n\n\n<div class=\"wp-block-query-pagination-numbers\"><span aria-current=\"page\" class=\"page-numbers current\">1<\/span>\n<a class=\"page-numbers\" href=\"?query-60-page=2&#038;rest_route=%2Fwp%2Fv2%2Fpages%2F2\">2<\/a><\/div>\n\n<a href=\"\/index.php?rest_route=%2Fwp%2Fv2%2Fpages%2F2&#038;query-60-page=2\" class=\"wp-block-query-pagination-next\" aria-label=\"Next Page\"><span class='wp-block-query-pagination-next-arrow is-arrow-chevron' aria-hidden='true'>\u00bb<\/span><\/a>\n<\/nav><\/div>\n\n\n\n<p><\/p>\n","protected":false},"excerpt":{"rendered":"<p>Ucrania: notas, an\u00e1lisis y recortes Una selecci\u00f3n de contenidos propios y de terceros sobre historia, cultura y guerra en Ucrania, organizada desde una mirada cr\u00edtica y contextual. Este espacio re\u00fane art\u00edculos, columnas y publicaciones que abordan Ucrania desde distintas perspectivas: hist\u00f3rica, cultural, social y pol\u00edtica. Incluye tanto contenidos propios como materiales de terceros, seleccionados por [&hellip;]<\/p>\n","protected":false},"author":1,"featured_media":0,"parent":0,"menu_order":0,"comment_status":"closed","ping_status":"open","template":"","meta":{"footnotes":""},"class_list":["post-2","page","type-page","status-publish","hentry"],"blocksy_meta":[],"_links":{"self":[{"href":"https:\/\/pundyk.com.ar\/index.php?rest_route=\/wp\/v2\/pages\/2","targetHints":{"allow":["GET"]}}],"collection":[{"href":"https:\/\/pundyk.com.ar\/index.php?rest_route=\/wp\/v2\/pages"}],"about":[{"href":"https:\/\/pundyk.com.ar\/index.php?rest_route=\/wp\/v2\/types\/page"}],"author":[{"embeddable":true,"href":"https:\/\/pundyk.com.ar\/index.php?rest_route=\/wp\/v2\/users\/1"}],"replies":[{"embeddable":true,"href":"https:\/\/pundyk.com.ar\/index.php?rest_route=%2Fwp%2Fv2%2Fcomments&post=2"}],"version-history":[{"count":5,"href":"https:\/\/pundyk.com.ar\/index.php?rest_route=\/wp\/v2\/pages\/2\/revisions"}],"predecessor-version":[{"id":206,"href":"https:\/\/pundyk.com.ar\/index.php?rest_route=\/wp\/v2\/pages\/2\/revisions\/206"}],"wp:attachment":[{"href":"https:\/\/pundyk.com.ar\/index.php?rest_route=%2Fwp%2Fv2%2Fmedia&parent=2"}],"curies":[{"name":"wp","href":"https:\/\/api.w.org\/{rel}","templated":true}]}}