{"id":126,"date":"2026-04-04T04:14:47","date_gmt":"2026-04-04T04:14:47","guid":{"rendered":"https:\/\/pundyk.com.ar\/?page_id=126"},"modified":"2026-04-06T03:12:57","modified_gmt":"2026-04-06T03:12:57","slug":"inicio","status":"publish","type":"page","link":"https:\/\/pundyk.com.ar\/","title":{"rendered":"Inicio"},"content":{"rendered":"\n<div class=\"wp-block-group alignfull is-layout-flow wp-block-group-is-layout-flow\">\n<div class=\"wp-block-group alignfull superbthemes-navigation-004 is-layout-flow wp-block-group-is-layout-flow\" style=\"margin-top:0;margin-bottom:0;padding-top:0;padding-bottom:0\">\n<div class=\"wp-block-cover\" style=\"margin-top:0;margin-bottom:0;padding-top:var(--wp--preset--spacing--superbspacing-xxlarge);padding-right:0;padding-bottom:var(--wp--preset--spacing--superbspacing-xxlarge);padding-left:0;min-height:100px;aspect-ratio:unset;\"><img loading=\"lazy\" decoding=\"async\" width=\"683\" height=\"1024\" class=\"wp-block-cover__image-background wp-image-157 size-large\" alt=\"\" src=\"https:\/\/pundyk.com.ar\/wp-content\/uploads\/2026\/04\/Imagen-Ale-Lejos-683x1024.png\" style=\"object-position:48% 16%\" data-object-fit=\"cover\" data-object-position=\"48% 16%\" srcset=\"https:\/\/pundyk.com.ar\/wp-content\/uploads\/2026\/04\/Imagen-Ale-Lejos-683x1024.png 683w, https:\/\/pundyk.com.ar\/wp-content\/uploads\/2026\/04\/Imagen-Ale-Lejos-200x300.png 200w, https:\/\/pundyk.com.ar\/wp-content\/uploads\/2026\/04\/Imagen-Ale-Lejos-768x1152.png 768w, https:\/\/pundyk.com.ar\/wp-content\/uploads\/2026\/04\/Imagen-Ale-Lejos.png 1024w\" sizes=\"auto, (max-width: 683px) 100vw, 683px\" \/><span aria-hidden=\"true\" class=\"wp-block-cover__background has-background-dim-10 has-background-dim\" style=\"background-color:#272727\"><\/span><div class=\"wp-block-cover__inner-container is-layout-constrained wp-container-core-cover-is-layout-8bf3f671 wp-block-cover-is-layout-constrained\">\n<div class=\"wp-block-group alignwide is-layout-constrained wp-container-core-group-is-layout-5e89162f wp-block-group-is-layout-constrained\" style=\"padding-top:var(--wp--preset--spacing--superbspacing-small);padding-right:var(--wp--preset--spacing--superbspacing-medium);padding-bottom:var(--wp--preset--spacing--superbspacing-medium);padding-left:var(--wp--preset--spacing--superbspacing-medium)\"><\/div>\n\n\n\n<h1 class=\"wp-block-heading alignwide has-text-align-center has-palette-color-8-color has-text-color has-link-color has-x-large-font-size wp-elements-824c88b506b0a0a842bbd9bbf186f416\">Project Management | Tecnolog\u00eda | Estrat\u00e9gia<\/h1>\n\n\n\n<div class=\"wp-block-buttons is-content-justification-center is-layout-flex wp-container-core-buttons-is-layout-a89b3969 wp-block-buttons-is-layout-flex\">\n<div class=\"wp-block-button is-style-outline is-style-outline--1\"><a class=\"wp-block-button__link has-base-color has-text-color has-superbfont-small-font-size has-text-align-center has-custom-font-size wp-element-button\" href=\"#\" style=\"border-width:2px;border-radius:0px\">Conoc\u00e9 mis proyectos<\/a><\/div>\n\n\n\n<div class=\"wp-block-button is-style-outline is-style-outline--2\"><a class=\"wp-block-button__link has-base-color has-text-color has-superbfont-small-font-size has-custom-font-size wp-element-button\" style=\"border-width:2px;border-radius:0px\">Lee mis publicaciones<\/a><\/div>\n<\/div>\n<\/div><\/div>\n<\/div>\n\n\n\n<div class=\"wp-block-group alignfull superbthemes-features-005 is-layout-constrained wp-container-core-group-is-layout-14074d70 wp-block-group-is-layout-constrained\" style=\"border-bottom-color:var(--wp--preset--color--mono-3);border-bottom-width:1px;margin-top:0;margin-bottom:0;padding-top:var(--wp--preset--spacing--superbspacing-small);padding-right:var(--wp--preset--spacing--superbspacing-small);padding-bottom:var(--wp--preset--spacing--superbspacing-small);padding-left:var(--wp--preset--spacing--superbspacing-small)\">\n<div class=\"wp-block-columns alignwide is-layout-flex wp-container-core-columns-is-layout-a3ac60a9 wp-block-columns-is-layout-flex\" style=\"border-radius:0px;padding-top:0;padding-right:0;padding-bottom:0;padding-left:0\">\n<div class=\"wp-block-column is-vertically-aligned-center is-layout-flow wp-container-core-column-is-layout-2715b9a4 wp-block-column-is-layout-flow\" style=\"padding-top:0;padding-right:0px;padding-bottom:0;padding-left:0px\">\n<div class=\"wp-block-group is-content-justification-center is-nowrap is-layout-flex wp-container-core-group-is-layout-1cc7cd77 wp-block-group-is-layout-flex\" style=\"border-style:none;border-width:0px;border-radius:0px;margin-top:0;margin-bottom:0;padding-top:0;padding-right:0;padding-bottom:0;padding-left:0\">\n<figure class=\"wp-block-image aligncenter size-large is-resized\"><img decoding=\"async\" src=\"https:\/\/pundyk.com.ar\/wp-content\/uploads\/2026\/04\/lp7-sonoran-calendar-check.png\" alt=\"\" style=\"width:48px;height:undefinedpx\"\/><\/figure>\n\n\n\n<div class=\"wp-block-group is-vertical is-layout-flex wp-container-core-group-is-layout-4b827052 wp-block-group-is-layout-flex\">\n<h3 class=\"wp-block-heading has-text-align-left has-primary-color has-text-color has-superbfont-xsmall-font-size\">365<\/h3>\n\n\n\n<h3 class=\"wp-block-heading has-text-align-left has-superbfont-xsmall-font-size\">Agendemos un caf\u00e9<\/h3>\n<\/div>\n<\/div>\n<\/div>\n\n\n\n<div class=\"wp-block-column is-vertically-aligned-center is-layout-flow wp-container-core-column-is-layout-2715b9a4 wp-block-column-is-layout-flow\" style=\"padding-top:0;padding-right:0px;padding-bottom:0;padding-left:0px\">\n<div class=\"wp-block-group is-content-justification-center is-nowrap is-layout-flex wp-container-core-group-is-layout-1cc7cd77 wp-block-group-is-layout-flex\" style=\"border-style:none;border-width:0px;border-radius:0px;margin-top:0;margin-bottom:0;padding-top:0;padding-right:0;padding-bottom:0;padding-left:0\">\n<figure class=\"wp-block-image aligncenter size-large is-resized\"><img decoding=\"async\" src=\"https:\/\/pundyk.com.ar\/wp-content\/uploads\/2026\/04\/lp7-sonoran-globe-hemisphere-east.png\" alt=\"\" style=\"width:48px;height:undefinedpx\"\/><\/figure>\n\n\n\n<div class=\"wp-block-group is-vertical is-layout-flex wp-container-core-group-is-layout-4b827052 wp-block-group-is-layout-flex\">\n<h3 class=\"wp-block-heading has-text-align-left has-primary-color has-text-color has-superbfont-xsmall-font-size\">20+<\/h3>\n\n\n\n<h3 class=\"wp-block-heading has-text-align-left has-superbfont-xsmall-font-size\">Mis viajes<\/h3>\n<\/div>\n<\/div>\n<\/div>\n\n\n\n<div class=\"wp-block-column is-vertically-aligned-center is-layout-flow wp-container-core-column-is-layout-2715b9a4 wp-block-column-is-layout-flow\" style=\"padding-top:0;padding-right:0px;padding-bottom:0;padding-left:0px\">\n<div class=\"wp-block-group is-content-justification-center is-nowrap is-layout-flex wp-container-core-group-is-layout-1cc7cd77 wp-block-group-is-layout-flex\" style=\"border-style:none;border-width:0px;border-radius:0px;margin-top:0;margin-bottom:0;padding-top:0;padding-right:0;padding-bottom:0;padding-left:0\">\n<figure class=\"wp-block-image aligncenter size-large is-resized\"><img decoding=\"async\" src=\"https:\/\/pundyk.com.ar\/wp-content\/uploads\/2026\/04\/lp7-sonoran-users.png\" alt=\"\" style=\"width:48px;height:undefinedpx\"\/><\/figure>\n\n\n\n<div class=\"wp-block-group is-vertical is-layout-flex wp-container-core-group-is-layout-4b827052 wp-block-group-is-layout-flex\">\n<h3 class=\"wp-block-heading has-text-align-left has-primary-color has-text-color has-superbfont-xsmall-font-size\">4<\/h3>\n\n\n\n<h3 class=\"wp-block-heading has-text-align-left has-superbfont-xsmall-font-size\">El equipo familiar<\/h3>\n<\/div>\n<\/div>\n<\/div>\n<\/div>\n<\/div>\n\n\n\n<div class=\"wp-block-group alignfull is-layout-constrained wp-container-core-group-is-layout-226e04bb wp-block-group-is-layout-constrained\" style=\"margin-top:0;margin-bottom:0;padding-top:var(--wp--preset--spacing--superbspacing-xxlarge);padding-right:var(--wp--preset--spacing--superbspacing-small);padding-bottom:var(--wp--preset--spacing--superbspacing-xxlarge);padding-left:var(--wp--preset--spacing--superbspacing-small)\">\n<div class=\"wp-block-columns alignwide is-layout-flex wp-container-core-columns-is-layout-28f84493 wp-block-columns-is-layout-flex\">\n<div class=\"wp-block-column is-layout-flow wp-block-column-is-layout-flow\" style=\"flex-basis:40%\">\n<h2 class=\"wp-block-heading has-text-align-left has-contrast-color has-text-color has-superbfont-xlarge-font-size\">Espacio en el que comparto mis proyectos y desaf\u00edos<\/h2>\n<\/div>\n\n\n\n<div class=\"wp-block-column is-layout-flow wp-block-column-is-layout-flow\">\n<div class=\"wp-block-group is-layout-constrained wp-container-core-group-is-layout-85cc789f wp-block-group-is-layout-constrained\">\n<div class=\"wp-block-group is-nowrap is-layout-flex wp-container-core-group-is-layout-b098208d wp-block-group-is-layout-flex\">\n<h2 class=\"wp-block-heading has-text-align-center has-primary-color has-text-color has-superbfont-medium-font-size\">30+<\/h2>\n\n\n\n<h2 class=\"wp-block-heading has-text-align-center has-contrast-color has-text-color has-superbfont-medium-font-size\">a\u00f1os de experiencia<\/h2>\n<\/div>\n\n\n\n<div class=\"wp-block-group is-layout-constrained wp-container-core-group-is-layout-685a0924 wp-block-group-is-layout-constrained\" style=\"border-left-color:var(--wp--preset--color--primary);border-left-width:4px;padding-left:var(--wp--preset--spacing--superbspacing-xxsmall)\">\n<p class=\"has-text-align-left has-secondary-color has-text-color has-superbfont-small-font-size\">Conectando negocio, sistemas y operaci\u00f3n en entornos complejos.<br>Experiencia en proyectos IT, an\u00e1lisis funcional y desarrollo de soluciones para operaciones reales.<br>Explorando la intersecci\u00f3n entre tecnolog\u00eda, log\u00edstica y cultura.<\/p>\n<\/div>\n<\/div>\n<\/div>\n<\/div>\n\n\n\n<div class=\"wp-block-columns alignwide is-layout-flex wp-container-core-columns-is-layout-f9d87e41 wp-block-columns-is-layout-flex\">\n<div class=\"wp-block-column is-vertically-aligned-center is-layout-flow wp-container-core-column-is-layout-db2cb278 wp-block-column-is-layout-flow\">\n<figure class=\"wp-block-image alignfull size-large has-custom-border is-style-default\"><img loading=\"lazy\" decoding=\"async\" width=\"1025\" height=\"1024\" src=\"https:\/\/pundyk.com.ar\/wp-content\/uploads\/2026\/04\/Project-Management-edited.png\" alt=\"\" class=\"wp-image-153\" style=\"border-radius:8px\" srcset=\"https:\/\/pundyk.com.ar\/wp-content\/uploads\/2026\/04\/Project-Management-edited.png 1025w, https:\/\/pundyk.com.ar\/wp-content\/uploads\/2026\/04\/Project-Management-edited-300x300.png 300w, https:\/\/pundyk.com.ar\/wp-content\/uploads\/2026\/04\/Project-Management-edited-150x150.png 150w, https:\/\/pundyk.com.ar\/wp-content\/uploads\/2026\/04\/Project-Management-edited-768x767.png 768w\" sizes=\"auto, (max-width: 1025px) 100vw, 1025px\" \/><\/figure>\n\n\n\n<div class=\"wp-block-group is-layout-constrained wp-container-core-group-is-layout-d598ad9d wp-block-group-is-layout-constrained\">\n<h4 class=\"wp-block-heading has-text-align-center has-contrast-color has-text-color has-alegreya-font-family has-superbfont-medium-font-size\">Project Management<\/h4>\n\n\n\n<p class=\"has-text-align-left has-secondary-color has-text-color has-superbfont-xsmall-font-size\">Acceso a notas y art\u00edculos relacionados a la adminsitraci\u00f3n de proyectos, metodolog\u00eda Agile, coordinaci\u00f3n de equipos, mejora de procesos y  QA &amp; Testing.<\/p>\n<\/div>\n<\/div>\n\n\n\n<div class=\"wp-block-column is-vertically-aligned-center is-layout-flow wp-container-core-column-is-layout-db2cb278 wp-block-column-is-layout-flow\">\n<figure class=\"wp-block-image alignfull size-full has-custom-border\"><img loading=\"lazy\" decoding=\"async\" width=\"1024\" height=\"1024\" src=\"https:\/\/pundyk.com.ar\/wp-content\/uploads\/2026\/04\/ImgPost5.png\" alt=\"\" class=\"wp-image-154\" style=\"border-radius:8px\" srcset=\"https:\/\/pundyk.com.ar\/wp-content\/uploads\/2026\/04\/ImgPost5.png 1024w, https:\/\/pundyk.com.ar\/wp-content\/uploads\/2026\/04\/ImgPost5-300x300.png 300w, https:\/\/pundyk.com.ar\/wp-content\/uploads\/2026\/04\/ImgPost5-150x150.png 150w, https:\/\/pundyk.com.ar\/wp-content\/uploads\/2026\/04\/ImgPost5-768x768.png 768w\" sizes=\"auto, (max-width: 1024px) 100vw, 1024px\" \/><\/figure>\n\n\n\n<div class=\"wp-block-group is-layout-constrained wp-container-core-group-is-layout-d598ad9d wp-block-group-is-layout-constrained\">\n<h4 class=\"wp-block-heading has-text-align-center has-contrast-color has-text-color has-alegreya-font-family has-superbfont-medium-font-size\">Tecnolog\u00eda aplicada<\/h4>\n\n\n\n<p class=\"has-text-align-left has-secondary-color has-text-color has-superbfont-xsmall-font-size\">Notas y referencias a herramientas y soluciones referentes a sistemas log\u00edsticos, Terminal Operating Systems (TOS), Integraciones,  Arquitectura funcional y el uso de nuevas herramientas.<\/p>\n<\/div>\n<\/div>\n\n\n\n<div class=\"wp-block-column is-vertically-aligned-center is-layout-flow wp-container-core-column-is-layout-db2cb278 wp-block-column-is-layout-flow\">\n<figure class=\"wp-block-image alignfull size-large has-custom-border\"><img loading=\"lazy\" decoding=\"async\" width=\"1025\" height=\"1024\" src=\"https:\/\/pundyk.com.ar\/wp-content\/uploads\/2026\/04\/Ucrania-edited.png\" alt=\"\" class=\"wp-image-156\" style=\"border-radius:8px\" srcset=\"https:\/\/pundyk.com.ar\/wp-content\/uploads\/2026\/04\/Ucrania-edited.png 1025w, https:\/\/pundyk.com.ar\/wp-content\/uploads\/2026\/04\/Ucrania-edited-300x300.png 300w, https:\/\/pundyk.com.ar\/wp-content\/uploads\/2026\/04\/Ucrania-edited-150x150.png 150w, https:\/\/pundyk.com.ar\/wp-content\/uploads\/2026\/04\/Ucrania-edited-768x767.png 768w\" sizes=\"auto, (max-width: 1025px) 100vw, 1025px\" \/><\/figure>\n\n\n\n<div class=\"wp-block-group is-layout-constrained wp-container-core-group-is-layout-d598ad9d wp-block-group-is-layout-constrained\">\n<h4 class=\"wp-block-heading has-text-align-center has-contrast-color has-text-color has-alegreya-font-family has-superbfont-medium-font-size\">Ucrania: tradiciones, cultura y an\u00e1lisis pol\u00edtico<\/h4>\n\n\n\n<p class=\"has-text-align-left has-secondary-color has-text-color has-superbfont-xsmall-font-size\">Ac\u00e1 comparto mi visi\u00f3n personal referida a la tierra de mis ancestros, Ucrania, su historia, su cultura, su actualidad y hago mucho foco en la narrativa y propaganda en torno a la guerra con rusia.<\/p>\n<\/div>\n<\/div>\n<\/div>\n<\/div>\n\n\n\n<div class=\"wp-block-group alignfull has-base-background-color has-background is-layout-constrained wp-container-core-group-is-layout-8e9096b7 wp-block-group-is-layout-constrained\" style=\"margin-top:0;margin-bottom:0;padding-top:var(--wp--preset--spacing--superbspacing-xxlarge);padding-right:var(--wp--preset--spacing--superbspacing-small);padding-bottom:var(--wp--preset--spacing--superbspacing-xxlarge);padding-left:var(--wp--preset--spacing--superbspacing-small)\">\n<div class=\"wp-block-columns alignwide is-layout-flex wp-container-core-columns-is-layout-25593187 wp-block-columns-is-layout-flex\">\n<div class=\"wp-block-column is-vertically-aligned-center is-layout-flow wp-container-core-column-is-layout-8a368f38 wp-block-column-is-layout-flow\">\n<div class=\"wp-block-group has-primary-background-color has-background is-content-justification-left is-layout-constrained wp-container-core-group-is-layout-bcc04a8e wp-block-group-is-layout-constrained\" style=\"border-radius:8px;padding-top:var(--wp--preset--spacing--superbspacing-medium);padding-right:var(--wp--preset--spacing--superbspacing-medium);padding-bottom:var(--wp--preset--spacing--superbspacing-medium);padding-left:var(--wp--preset--spacing--superbspacing-medium)\">\n<div class=\"wp-block-group is-nowrap is-layout-flex wp-container-core-group-is-layout-6c531013 wp-block-group-is-layout-flex\">\n<figure class=\"wp-block-image aligncenter size-large is-resized\"><img decoding=\"async\" src=\"https:\/\/pundyk.com.ar\/wp-content\/uploads\/2026\/04\/lp7-sonoran-article-1.png\" alt=\"\" style=\"width:48px;height:undefinedpx\"\/><\/figure>\n<\/div>\n\n\n\n<div class=\"wp-block-group is-layout-constrained wp-container-core-group-is-layout-d598ad9d wp-block-group-is-layout-constrained\">\n<h3 class=\"wp-block-heading has-text-align-left has-contrast-light-color has-text-color has-alegreya-font-family has-superbfont-medium-font-size\">Blog de viajes<\/h3>\n\n\n\n<p class=\"has-text-align-left has-contrast-light-color has-text-color has-superbfont-xsmall-font-size\">Pr\u00f3ximamente!!! una secci\u00f3n donde recomiendo las mejores experiencias de viaje que tuve en mi vida.<\/p>\n<\/div>\n\n\n\n<h3 class=\"wp-block-heading has-text-align-left has-contrast-light-color has-text-color has-superbfont-small-font-size\">Read blog \u2192<\/h3>\n<\/div>\n<\/div>\n\n\n\n<div class=\"wp-block-column is-vertically-aligned-center is-layout-flow wp-container-core-column-is-layout-e38e6d2d wp-block-column-is-layout-flow\">\n<div class=\"wp-block-group has-mono-4-background-color has-background is-content-justification-left is-layout-constrained wp-container-core-group-is-layout-bcc04a8e wp-block-group-is-layout-constrained\" style=\"border-radius:8px;padding-top:var(--wp--preset--spacing--superbspacing-medium);padding-right:var(--wp--preset--spacing--superbspacing-medium);padding-bottom:var(--wp--preset--spacing--superbspacing-medium);padding-left:var(--wp--preset--spacing--superbspacing-medium)\">\n<div class=\"wp-block-group is-nowrap is-layout-flex wp-container-core-group-is-layout-6c531013 wp-block-group-is-layout-flex\">\n<figure class=\"wp-block-image aligncenter size-large is-resized\"><img decoding=\"async\" src=\"https:\/\/pundyk.com.ar\/wp-content\/uploads\/2026\/04\/lp7-sonoran-wechat-logo.png\" alt=\"\" style=\"width:48px;height:48px\"\/><\/figure>\n<\/div>\n\n\n\n<div class=\"wp-block-group is-layout-constrained wp-container-core-group-is-layout-d598ad9d wp-block-group-is-layout-constrained\">\n<h3 class=\"wp-block-heading has-text-align-left has-contrast-color has-text-color has-alegreya-font-family has-superbfont-medium-font-size\">Contactame<\/h3>\n\n\n\n<p class=\"has-text-align-left has-secondary-color has-text-color has-superbfont-xsmall-font-size\">Si te interesa que compartamos algunos de los temas a los que me dedico, no lo dudes, eQuiero que estemos en contacto. Escribime y nos tomamos un caf\u00e9 en persona o virtual.<\/p>\n\n\n\n<div class=\"wp-block-buttons is-layout-flex wp-block-buttons-is-layout-flex\">\n<div class=\"wp-block-button\"><a class=\"wp-block-button__link wp-element-button\">Contactame<\/a><\/div>\n<\/div>\n<\/div>\n<\/div>\n<\/div>\n<\/div>\n<\/div>\n<\/div>\n","protected":false},"excerpt":{"rendered":"<p>365 Agendemos un caf\u00e9 20+ Mis viajes 4 El equipo familiar Espacio en el que comparto mis proyectos y desaf\u00edos 30+ a\u00f1os de experiencia Conectando negocio, sistemas y operaci\u00f3n en entornos complejos.Experiencia en proyectos IT, an\u00e1lisis funcional y desarrollo de soluciones para operaciones reales.Explorando la intersecci\u00f3n entre tecnolog\u00eda, log\u00edstica y cultura. Project Management Acceso a [&hellip;]<\/p>\n","protected":false},"author":1,"featured_media":0,"parent":0,"menu_order":0,"comment_status":"closed","ping_status":"closed","template":"","meta":{"footnotes":""},"class_list":["post-126","page","type-page","status-publish","hentry"],"blocksy_meta":[],"_links":{"self":[{"href":"https:\/\/pundyk.com.ar\/index.php?rest_route=\/wp\/v2\/pages\/126","targetHints":{"allow":["GET"]}}],"collection":[{"href":"https:\/\/pundyk.com.ar\/index.php?rest_route=\/wp\/v2\/pages"}],"about":[{"href":"https:\/\/pundyk.com.ar\/index.php?rest_route=\/wp\/v2\/types\/page"}],"author":[{"embeddable":true,"href":"https:\/\/pundyk.com.ar\/index.php?rest_route=\/wp\/v2\/users\/1"}],"replies":[{"embeddable":true,"href":"https:\/\/pundyk.com.ar\/index.php?rest_route=%2Fwp%2Fv2%2Fcomments&post=126"}],"version-history":[{"count":10,"href":"https:\/\/pundyk.com.ar\/index.php?rest_route=\/wp\/v2\/pages\/126\/revisions"}],"predecessor-version":[{"id":254,"href":"https:\/\/pundyk.com.ar\/index.php?rest_route=\/wp\/v2\/pages\/126\/revisions\/254"}],"wp:attachment":[{"href":"https:\/\/pundyk.com.ar\/index.php?rest_route=%2Fwp%2Fv2%2Fmedia&parent=126"}],"curies":[{"name":"wp","href":"https:\/\/api.w.org\/{rel}","templated":true}]}}